{"id":14,"date":"2016-02-20T14:26:54","date_gmt":"2016-02-20T13:26:54","guid":{"rendered":"http:\/\/musikzug.feuerwehr-bad-lippspringe.de\/wordpress\/?page_id=14"},"modified":"2024-07-05T08:23:49","modified_gmt":"2024-07-05T06:23:49","slug":"kontakt","status":"publish","type":"page","link":"https:\/\/musikzug.feuerwehr-bad-lippspringe.de\/?page_id=14","title":{"rendered":"Kontakt"},"content":{"rendered":"\n<p><strong>Zugf\u00fchrer<\/strong><br>Stephan Hauk<br>E-Mail: <a href=\"mailto:Stephan.Hauk@Feuerwehr-Bad-Lippspringe.de\">Stephan.Hauk@Feuerwehr-Bad-Lippspringe.de<\/a><\/p>\n\n\n\n<p><\/p>\n\n\n\n<p><strong>Stellvertretende Zugf\u00fchrerin<\/strong><\/p>\n\n\n\n<p>Meike L\u00fcning<br>E-Mail: <a href=\"mailto:Meike.Luening@Feuerwehr-Bad-Lippspringe.de\">Meike.Luening@Feuerwehr-Bad-Lippspringe.de<\/a><\/p>\n\n\n\n<p><\/p>\n\n\n\n<p><strong>Dirigen<\/strong>t<br>Hendrik Tasche<br>E-Mail: <\/p>\n","protected":false},"excerpt":{"rendered":"<p>Zugf\u00fchrerStephan HaukE-Mail: Stephan.Hauk@Feuerwehr-Bad-Lippspringe.de Stellvertretende Zugf\u00fchrerin Meike L\u00fcningE-Mail: Meike.Luening@Feuerwehr-Bad-Lippspringe.de DirigentHendrik TascheE-Mail:<\/p>\n","protected":false},"author":1,"featured_media":0,"parent":0,"menu_order":0,"comment_status":"closed","ping_status":"closed","template":"","meta":{"ngg_post_thumbnail":0,"footnotes":""},"class_list":["post-14","page","type-page","status-publish","hentry"],"_links":{"self":[{"href":"https:\/\/musikzug.feuerwehr-bad-lippspringe.de\/index.php?rest_route=\/wp\/v2\/pages\/14","targetHints":{"allow":["GET"]}}],"collection":[{"href":"https:\/\/musikzug.feuerwehr-bad-lippspringe.de\/index.php?rest_route=\/wp\/v2\/pages"}],"about":[{"href":"https:\/\/musikzug.feuerwehr-bad-lippspringe.de\/index.php?rest_route=\/wp\/v2\/types\/page"}],"author":[{"embeddable":true,"href":"https:\/\/musikzug.feuerwehr-bad-lippspringe.de\/index.php?rest_route=\/wp\/v2\/users\/1"}],"replies":[{"embeddable":true,"href":"https:\/\/musikzug.feuerwehr-bad-lippspringe.de\/index.php?rest_route=%2Fwp%2Fv2%2Fcomments&post=14"}],"version-history":[{"count":5,"href":"https:\/\/musikzug.feuerwehr-bad-lippspringe.de\/index.php?rest_route=\/wp\/v2\/pages\/14\/revisions"}],"predecessor-version":[{"id":1109,"href":"https:\/\/musikzug.feuerwehr-bad-lippspringe.de\/index.php?rest_route=\/wp\/v2\/pages\/14\/revisions\/1109"}],"wp:attachment":[{"href":"https:\/\/musikzug.feuerwehr-bad-lippspringe.de\/index.php?rest_route=%2Fwp%2Fv2%2Fmedia&parent=14"}],"curies":[{"name":"wp","href":"https:\/\/api.w.org\/{rel}","templated":true}]}}